{"id":2755,"date":"2023-06-23T18:01:41","date_gmt":"2023-06-23T16:01:41","guid":{"rendered":"https:\/\/avec-drh.fr\/index.php\/mentions-legales-2\/"},"modified":"2023-06-23T18:01:57","modified_gmt":"2023-06-23T16:01:57","slug":"mentions-legales-2","status":"publish","type":"page","link":"https:\/\/avec-drh.fr\/index.php\/mentions-legales-2\/","title":{"rendered":"Mentions l\u00e9gales"},"content":{"rendered":"\t\t<div data-elementor-type=\"wp-page\" data-elementor-id=\"2755\" class=\"elementor elementor-2755\">\n\t\t\t\t\t\t<section class=\"elementor-section elementor-top-section elementor-element elementor-element-4301f72e elementor-section-stretched elementor-section-boxed elementor-section-height-default elementor-section-height-default\" data-id=\"4301f72e\" data-element_type=\"section\" data-settings=\"{&quot;stretch_section&quot;:&quot;section-stretched&quot;,&quot;background_background&quot;:&quot;classic&quot;}\">\n\t\t\t\t\t\t<div class=\"elementor-container elementor-column-gap-default\">\n\t\t\t\t\t<div class=\"elementor-column elementor-col-100 elementor-top-column elementor-element elementor-element-7a1b36f7\" data-id=\"7a1b36f7\" data-element_type=\"column\">\n\t\t\t<div class=\"elementor-widget-wrap elementor-element-populated\">\n\t\t\t\t\t\t<div class=\"elementor-element elementor-element-2b95b266 elementor-widget elementor-widget-spacer\" data-id=\"2b95b266\" data-element_type=\"widget\" data-widget_type=\"spacer.default\">\n\t\t\t\t<div class=\"elementor-widget-container\">\n\t\t\t\t\t\t\t<div class=\"elementor-spacer\">\n\t\t\t<div class=\"elementor-spacer-inner\"><\/div>\n\t\t<\/div>\n\t\t\t\t\t\t<\/div>\n\t\t\t\t<\/div>\n\t\t\t\t<div class=\"elementor-element elementor-element-594c319f elementor-widget elementor-widget-spacer\" data-id=\"594c319f\" data-element_type=\"widget\" data-widget_type=\"spacer.default\">\n\t\t\t\t<div class=\"elementor-widget-container\">\n\t\t\t\t\t\t\t<div class=\"elementor-spacer\">\n\t\t\t<div class=\"elementor-spacer-inner\"><\/div>\n\t\t<\/div>\n\t\t\t\t\t\t<\/div>\n\t\t\t\t<\/div>\n\t\t\t\t<div class=\"elementor-element elementor-element-1f0174f7 elementor-widget elementor-widget-heading\" data-id=\"1f0174f7\" data-element_type=\"widget\" data-widget_type=\"heading.default\">\n\t\t\t\t<div class=\"elementor-widget-container\">\n\t\t\t\t\t<h1 class=\"elementor-heading-title elementor-size-default\">Mentions l\u00e9gales<\/h1>\t\t\t\t<\/div>\n\t\t\t\t<\/div>\n\t\t\t\t<div class=\"elementor-element elementor-element-2e566551 elementor-widget elementor-widget-text-editor\" data-id=\"2e566551\" data-element_type=\"widget\" data-widget_type=\"text-editor.default\">\n\t\t\t\t<div class=\"elementor-widget-container\">\n\t\t\t\t\t\t\t\t\t<p><strong>Avec-drh.fr<\/strong>\u00a0est \u00e9dit\u00e9 avec l\u2019application <strong>WordPress<\/strong> et est h\u00e9berg\u00e9 par la Soci\u00e9t\u00e9\u00a0<strong>OVHcloud<\/strong>.<br \/>Le pr\u00e9sent site est la propri\u00e9t\u00e9 de l\u2019association Action pour la Valorisation et l\u2019Evolution de Carri\u00e8re (A.V.E.C) , immatricul\u00e9e au registre des associations loi 1901 n\u00b0SIRET\u00a0:<br \/>354\u00a0133\u00a0442\u00a0000 010, dont le si\u00e8ge 3 place des \u00e9coles 91120 PALAISEAU<br \/>Email :\u00a0<strong>info@avec-drh.fr<\/strong><br \/>Directeur de la publication : Denis Hairon, Pr\u00e9sident<\/p>\t\t\t\t\t\t\t\t<\/div>\n\t\t\t\t<\/div>\n\t\t\t\t<div class=\"elementor-element elementor-element-24404f56 elementor-widget elementor-widget-heading\" data-id=\"24404f56\" data-element_type=\"widget\" data-widget_type=\"heading.default\">\n\t\t\t\t<div class=\"elementor-widget-container\">\n\t\t\t\t\t<h2 class=\"elementor-heading-title elementor-size-default\">COPYRIGHT<\/h2>\t\t\t\t<\/div>\n\t\t\t\t<\/div>\n\t\t\t\t<div class=\"elementor-element elementor-element-4ce1acd7 elementor-widget__width-initial elementor-widget elementor-widget-text-editor\" data-id=\"4ce1acd7\" data-element_type=\"widget\" data-widget_type=\"text-editor.default\">\n\t\t\t\t<div class=\"elementor-widget-container\">\n\t\t\t\t\t\t\t\t\t<p>Le pr\u00e9sent site Web et l&#8217;ensemble de son contenu, y compris textes, images fixes ou anim\u00e9es, bases de donn\u00e9es, programmes, etc., ci-apr\u00e8s le Site Web, est prot\u00e9g\u00e9 par le droit d&#8217;auteur. L\u2019association Action pour la Valorisation et l\u2019Evolution de Carri\u00e8re (A.V.E.C) ne vous conc\u00e8de<br \/>qu&#8217;une autorisation de visualisation de son contenu \u00e0 titre personnel et priv\u00e9 et dans la mesure o\u00f9 vous \u00eates le l\u00e9gitime utilisateur final du Site Web, \u00e0 l&#8217;exclusion de toute visualisation ou diffusion publique. L&#8217;autorisation de reproduction ne vous est conc\u00e9d\u00e9e que sous forme num\u00e9rique sur votre ordinateur de consultation aux fins de visualisation des pages consult\u00e9es par votre logiciel de navigation. L&#8217;impression papier est autoris\u00e9e aux fins de copie priv\u00e9e \u00e0 l&#8217;usage exclusif du copiste au sens de l&#8217;article L. 122-5 2\u00b0 du Code de la Propri\u00e9t\u00e9 Intellectuelle. La cr\u00e9ation d&#8217;un lien hypertexte sur le Site Web est autoris\u00e9e sans frame vers l&#8217;adresse de la page d&#8217;accueil du site (https:\/\/www.avec-drh.fr) \u00e0 l&#8217;exclusion de toute autre adresse.<br \/><br \/>Toute autre utilisation non express\u00e9ment vis\u00e9e aux pr\u00e9sentes, ou permise par contrat pass\u00e9 avec l\u2019association Action pour la Valorisation et l\u2019Evolution de Carri\u00e8re (A.V.E.C), n&#8217;est pas permise et n\u00e9cessite l&#8217;accord expr\u00e8s \u00e9crit et pr\u00e9alable de l\u2019association. Il ne vous est pas permis en dehors des utilisations express\u00e9ment conc\u00e9d\u00e9es ci-dessus, notamment : de reproduire des marques et logos de l\u2019association Action pour la Valorisation et l\u2019Evolution de Carri\u00e8re (A.V.E.C), de r\u00e9aliser des liens hypertextes profonds sur tout \u00e9l\u00e9ment du Site Web autre que la page d&#8217;accueil, d&#8217;utiliser ou d&#8217;extraire en tout ou en partie les bases de donn\u00e9es utilis\u00e9es par le Site Web, d&#8217;utiliser tous programmes utilis\u00e9s par le Site Web, etc. <\/p><p><strong>L&#8217;ensemble des \u00e9l\u00e9ments de ce site sont \u00e0 l\u2019association Action pour la Valorisation et l\u2019Evolution de Carri\u00e8re (A.V.E.C)- tous droits r\u00e9serv\u00e9s.<\/strong><\/p>\t\t\t\t\t\t\t\t<\/div>\n\t\t\t\t<\/div>\n\t\t\t\t<div class=\"elementor-element elementor-element-6de1e3cf elementor-widget elementor-widget-heading\" data-id=\"6de1e3cf\" data-element_type=\"widget\" data-widget_type=\"heading.default\">\n\t\t\t\t<div class=\"elementor-widget-container\">\n\t\t\t\t\t<h2 class=\"elementor-heading-title elementor-size-default\">CONFIDENTIALIT\u00c9 ET PROTECTION DES DONN\u00c9ES<\/h2>\t\t\t\t<\/div>\n\t\t\t\t<\/div>\n\t\t\t\t<div class=\"elementor-element elementor-element-4197178d elementor-widget__width-initial elementor-widget elementor-widget-text-editor\" data-id=\"4197178d\" data-element_type=\"widget\" data-widget_type=\"text-editor.default\">\n\t\t\t\t<div class=\"elementor-widget-container\">\n\t\t\t\t\t\t\t\t\t<p>Pour en savoir plus sur la confidentialit\u00e9 et la protection des donn\u00e9es que vous nous communiquez, <a href=\"http:\/\/lcoujcr.cluster029.hosting.ovh.net\/WPAVEC\/politique-de-confidentialite\/\" target=\"_blank\" rel=\"noopener\">cliquez ici<\/a><\/p><p>Pour en savoir plus sur l&#8217;utilisation des cookies sur avec-drh, <a href=\"http:\/\/lcoujcr.cluster029.hosting.ovh.net\/WPAVEC\/elementor-2288\/\" target=\"_blank\" rel=\"noopener\">cliquez ici<\/a><\/p>\t\t\t\t\t\t\t\t<\/div>\n\t\t\t\t<\/div>\n\t\t\t\t<div class=\"elementor-element elementor-element-41920bcb elementor-widget elementor-widget-heading\" data-id=\"41920bcb\" data-element_type=\"widget\" data-widget_type=\"heading.default\">\n\t\t\t\t<div class=\"elementor-widget-container\">\n\t\t\t\t\t<h2 class=\"elementor-heading-title elementor-size-default\">MENTIONS L\u00c9GALES<\/h2>\t\t\t\t<\/div>\n\t\t\t\t<\/div>\n\t\t\t\t<div class=\"elementor-element elementor-element-3bd1e733 elementor-widget__width-initial elementor-widget elementor-widget-text-editor\" data-id=\"3bd1e733\" data-element_type=\"widget\" data-widget_type=\"text-editor.default\">\n\t\t\t\t<div class=\"elementor-widget-container\">\n\t\t\t\t\t\t\t\t\t<p>L&#8217;utilisation des services de avec-drh.fr (Espace perso, candidatures&#8230;) est soumise au respect de la l\u00e9gislation en vigueur. AVEC-DRH.fr se r\u00e9serve le droit de supprimer sans pr\u00e9avis tout message, contenu ou document non conforme \u00e0 ces conditions d&#8217;utilisation.<\/p><p>Le pr\u00e9sent Site Web a \u00e9t\u00e9 cr\u00e9\u00e9 en France. En utilisant le pr\u00e9sent Site Web, vous acceptez les conditions d&#8217;utilisation d\u00e9crites ci-avant, sans pr\u00e9judice de tous recours de nature contractuelle ou d\u00e9lictuelle pouvant \u00eatre exerc\u00e9s par l\u2019association Action pour la Valorisation et l\u2019Evolution de Carri\u00e8re (A.V.E.C). Tout litige portant sur l&#8217;interpr\u00e9tation ou l&#8217;ex\u00e9cution d&#8217;un engagement contractuel pr\u00e9vu au pr\u00e9sent site sera de la comp\u00e9tence exclusive des tribunaux fran\u00e7ais faisant application de la Loi fran\u00e7aise.<\/p>\t\t\t\t\t\t\t\t<\/div>\n\t\t\t\t<\/div>\n\t\t\t\t<div class=\"elementor-element elementor-element-438a1359 elementor-widget elementor-widget-heading\" data-id=\"438a1359\" data-element_type=\"widget\" data-widget_type=\"heading.default\">\n\t\t\t\t<div class=\"elementor-widget-container\">\n\t\t\t\t\t<h2 class=\"elementor-heading-title elementor-size-default\">RESPONSABILIT\u00c9<\/h2>\t\t\t\t<\/div>\n\t\t\t\t<\/div>\n\t\t\t\t<div class=\"elementor-element elementor-element-23d13b53 elementor-widget__width-initial elementor-widget elementor-widget-text-editor\" data-id=\"23d13b53\" data-element_type=\"widget\" data-widget_type=\"text-editor.default\">\n\t\t\t\t<div class=\"elementor-widget-container\">\n\t\t\t\t\t\t\t\t\t<p>Avec-drh.fr s&#8217;engage \u00e0 mettre en \u0153uvre tous les moyens n\u00e9cessaires afin d&#8217;assurer au mieux la fourniture des services qu&#8217;il propose \u00e0 l&#8217;internaute. Sa responsabilit\u00e9 ne saurait \u00eatre engag\u00e9e en cas de force majeure ou de fait ind\u00e9pendant de sa volont\u00e9, notamment en cas d&#8217;interruption du service r\u00e9sultant d&#8217;une d\u00e9faillance du r\u00e9seau internet, de l\u2019h\u00e9bergeur, ou du fournisseur d&#8217;acc\u00e8s \u00e0 Internet de l&#8217;internaute. Avec-drh.fr n&#8217;est pas responsable de l&#8217;utilisation qui pourra \u00eatre faite par les internautes des informations et des services disponibles sur le site.<\/p>\t\t\t\t\t\t\t\t<\/div>\n\t\t\t\t<\/div>\n\t\t\t\t<div class=\"elementor-element elementor-element-145e9457 elementor-widget elementor-widget-spacer\" data-id=\"145e9457\" data-element_type=\"widget\" data-widget_type=\"spacer.default\">\n\t\t\t\t<div class=\"elementor-widget-container\">\n\t\t\t\t\t\t\t<div class=\"elementor-spacer\">\n\t\t\t<div class=\"elementor-spacer-inner\"><\/div>\n\t\t<\/div>\n\t\t\t\t\t\t<\/div>\n\t\t\t\t<\/div>\n\t\t\t\t<div class=\"elementor-element elementor-element-cd58c6e elementor-widget elementor-widget-spacer\" data-id=\"cd58c6e\" data-element_type=\"widget\" data-widget_type=\"spacer.default\">\n\t\t\t\t<div class=\"elementor-widget-container\">\n\t\t\t\t\t\t\t<div class=\"elementor-spacer\">\n\t\t\t<div class=\"elementor-spacer-inner\"><\/div>\n\t\t<\/div>\n\t\t\t\t\t\t<\/div>\n\t\t\t\t<\/div>\n\t\t\t\t\t<\/div>\n\t\t<\/div>\n\t\t\t\t\t<\/div>\n\t\t<\/section>\n\t\t\t\t<\/div>\n\t\t","protected":false},"excerpt":{"rendered":"<p>Mentions l\u00e9gales Avec-drh.fr\u00a0est \u00e9dit\u00e9 avec l\u2019application WordPress et est h\u00e9berg\u00e9 par la Soci\u00e9t\u00e9\u00a0OVHcloud.Le pr\u00e9sent site est la propri\u00e9t\u00e9 de l\u2019association Action pour la Valorisation et l\u2019Evolution de Carri\u00e8re (A.V.E.C) , immatricul\u00e9e au registre des associations loi 1901 n\u00b0SIRET\u00a0:354\u00a0133\u00a0442\u00a0000 010, dont le si\u00e8ge 3 place des \u00e9coles 91120 PALAISEAUEmail :\u00a0info@avec-drh.frDirecteur de la publication : Denis Hairon, [&hellip;]<\/p>\n","protected":false},"author":1,"featured_media":0,"parent":0,"menu_order":0,"comment_status":"closed","ping_status":"closed","template":"","meta":{"_coblocks_attr":"","_coblocks_dimensions":"","_coblocks_responsive_height":"","_coblocks_accordion_ie_support":"","om_disable_all_campaigns":false,"_monsterinsights_skip_tracking":false,"_monsterinsights_sitenote_active":false,"_monsterinsights_sitenote_note":"","_monsterinsights_sitenote_category":0,"footnotes":""},"class_list":["post-2755","page","type-page","status-publish","hentry"],"aioseo_notices":[],"_links":{"self":[{"href":"https:\/\/avec-drh.fr\/index.php\/wp-json\/wp\/v2\/pages\/2755","targetHints":{"allow":["GET"]}}],"collection":[{"href":"https:\/\/avec-drh.fr\/index.php\/wp-json\/wp\/v2\/pages"}],"about":[{"href":"https:\/\/avec-drh.fr\/index.php\/wp-json\/wp\/v2\/types\/page"}],"author":[{"embeddable":true,"href":"https:\/\/avec-drh.fr\/index.php\/wp-json\/wp\/v2\/users\/1"}],"replies":[{"embeddable":true,"href":"https:\/\/avec-drh.fr\/index.php\/wp-json\/wp\/v2\/comments?post=2755"}],"version-history":[{"count":4,"href":"https:\/\/avec-drh.fr\/index.php\/wp-json\/wp\/v2\/pages\/2755\/revisions"}],"predecessor-version":[{"id":2824,"href":"https:\/\/avec-drh.fr\/index.php\/wp-json\/wp\/v2\/pages\/2755\/revisions\/2824"}],"wp:attachment":[{"href":"https:\/\/avec-drh.fr\/index.php\/wp-json\/wp\/v2\/media?parent=2755"}],"curies":[{"name":"wp","href":"https:\/\/api.w.org\/{rel}","templated":true}]}}