{"id":2749,"date":"2023-06-23T18:01:41","date_gmt":"2023-06-23T16:01:41","guid":{"rendered":"https:\/\/avec-drh.fr\/index.php\/cookies-2\/"},"modified":"2023-06-23T18:01:56","modified_gmt":"2023-06-23T16:01:56","slug":"cookies-2","status":"publish","type":"page","link":"https:\/\/avec-drh.fr\/index.php\/cookies-2\/","title":{"rendered":"Cookies"},"content":{"rendered":"\t\t<div data-elementor-type=\"wp-page\" data-elementor-id=\"2749\" class=\"elementor elementor-2749\">\n\t\t\t\t\t\t<section class=\"elementor-section elementor-top-section elementor-element elementor-element-7535ddc6 elementor-section-stretched elementor-section-boxed elementor-section-height-default elementor-section-height-default\" data-id=\"7535ddc6\" data-element_type=\"section\" data-settings=\"{&quot;stretch_section&quot;:&quot;section-stretched&quot;,&quot;background_background&quot;:&quot;classic&quot;}\">\n\t\t\t\t\t\t<div class=\"elementor-container elementor-column-gap-default\">\n\t\t\t\t\t<div class=\"elementor-column elementor-col-100 elementor-top-column elementor-element elementor-element-32909919\" data-id=\"32909919\" data-element_type=\"column\">\n\t\t\t<div class=\"elementor-widget-wrap elementor-element-populated\">\n\t\t\t\t\t\t<div class=\"elementor-element elementor-element-2ace1773 elementor-widget elementor-widget-spacer\" data-id=\"2ace1773\" data-element_type=\"widget\" data-widget_type=\"spacer.default\">\n\t\t\t\t<div class=\"elementor-widget-container\">\n\t\t\t\t\t\t\t<div class=\"elementor-spacer\">\n\t\t\t<div class=\"elementor-spacer-inner\"><\/div>\n\t\t<\/div>\n\t\t\t\t\t\t<\/div>\n\t\t\t\t<\/div>\n\t\t\t\t<div class=\"elementor-element elementor-element-27742eb2 elementor-widget elementor-widget-spacer\" data-id=\"27742eb2\" data-element_type=\"widget\" data-widget_type=\"spacer.default\">\n\t\t\t\t<div class=\"elementor-widget-container\">\n\t\t\t\t\t\t\t<div class=\"elementor-spacer\">\n\t\t\t<div class=\"elementor-spacer-inner\"><\/div>\n\t\t<\/div>\n\t\t\t\t\t\t<\/div>\n\t\t\t\t<\/div>\n\t\t\t\t<div class=\"elementor-element elementor-element-6d4ba4ec elementor-widget elementor-widget-heading\" data-id=\"6d4ba4ec\" data-element_type=\"widget\" data-widget_type=\"heading.default\">\n\t\t\t\t<div class=\"elementor-widget-container\">\n\t\t\t\t\t<h1 class=\"elementor-heading-title elementor-size-default\">Cookies<\/h1>\t\t\t\t<\/div>\n\t\t\t\t<\/div>\n\t\t\t\t<div class=\"elementor-element elementor-element-3a731013 elementor-widget elementor-widget-text-editor\" data-id=\"3a731013\" data-element_type=\"widget\" data-widget_type=\"text-editor.default\">\n\t\t\t\t<div class=\"elementor-widget-container\">\n\t\t\t\t\t\t\t\t\t<p><strong>A quoi servent les cookies ?<\/strong><\/p><p>Avec-drh.fr utilise deux types de Cookies qui peuvent \u00eatre enregistr\u00e9s, avec ou sans votre consentement selon leur nature, dans votre terminal \u00e0 l\u2019occasion d\u2019une visite de notre site :<\/p><p>Les <strong>Cookies techniques\u00a0<\/strong>sont strictement n\u00e9cessaires au bon fonctionnement et \u00e0 la navigation dans notre site. Ils ne n\u00e9cessitent pas votre consentement pr\u00e9alable.<\/p><p>Ils permettent, l\u2019acc\u00e8s aux diff\u00e9rents produits et services, et en particulier :<\/p><ul><li>d\u2019adapter la pr\u00e9sentation du site aux pr\u00e9f\u00e9rences d&#8217;affichage de votre terminal (r\u00e9solution d&#8217;affichage),<\/li><li>de m\u00e9moriser les mots de passe et autres informations relatives \u00e0 un formulaire que vous avez rempli sur le site (inscription ou acc\u00e8s \u00e0 l\u2019espace adh\u00e9rents) et de mettre en \u0153uvre des mesures de s\u00e9curit\u00e9 (c\u2019est le cas par exemple lorsqu\u2019il vous est demand\u00e9 de vous connecter \u00e0 nouveau \u00e0 l\u2019espace adh\u00e9rent apr\u00e8s un certain laps de temps).<\/li><\/ul><p>Vous pouvez les d\u00e9sactiver sur votre navigateur mais certaines fonctionnalit\u00e9s du site peuvent devenir indisponibles.<\/p><p>Les <strong>Cookies de mesure d\u2019audience<\/strong>\u00a0sont \u00e9mis par l\u2019association AVEC Ces cookies sont utilis\u00e9s :<\/p><ul><li>aux fins de mesurer l\u2019audience des diff\u00e9rents contenus et rubriques de notre site et applications mobiles afin de les \u00e9valuer et de mieux les organiser.<\/li><li>le cas \u00e9ch\u00e9ant, de d\u00e9tecter des probl\u00e8mes de navigation et par cons\u00e9quent d\u2019am\u00e9liorer l\u2019ergonomie de nos services.<\/li><\/ul><p>Ces Cookies ne produisent que des statistiques anonymes et des volumes de fr\u00e9quentation, \u00e0 l\u2019exclusion de toute information individuelle.<\/p><p>La dur\u00e9e de vie de ces Cookies de mesure d\u2019audience n\u2019exc\u00e8de pas 13 mois.<\/p><p>Ces cookies sont strictement n\u00e9cessaires au fonctionnement et aux op\u00e9rations d&#8217;administration courante du site.<\/p>\t\t\t\t\t\t\t\t<\/div>\n\t\t\t\t<\/div>\n\t\t\t\t<div class=\"elementor-element elementor-element-5ae21067 elementor-widget elementor-widget-spacer\" data-id=\"5ae21067\" data-element_type=\"widget\" data-widget_type=\"spacer.default\">\n\t\t\t\t<div class=\"elementor-widget-container\">\n\t\t\t\t\t\t\t<div class=\"elementor-spacer\">\n\t\t\t<div class=\"elementor-spacer-inner\"><\/div>\n\t\t<\/div>\n\t\t\t\t\t\t<\/div>\n\t\t\t\t<\/div>\n\t\t\t\t<div class=\"elementor-element elementor-element-6a08d3bf elementor-widget elementor-widget-spacer\" data-id=\"6a08d3bf\" data-element_type=\"widget\" data-widget_type=\"spacer.default\">\n\t\t\t\t<div class=\"elementor-widget-container\">\n\t\t\t\t\t\t\t<div class=\"elementor-spacer\">\n\t\t\t<div class=\"elementor-spacer-inner\"><\/div>\n\t\t<\/div>\n\t\t\t\t\t\t<\/div>\n\t\t\t\t<\/div>\n\t\t\t\t\t<\/div>\n\t\t<\/div>\n\t\t\t\t\t<\/div>\n\t\t<\/section>\n\t\t\t\t<\/div>\n\t\t","protected":false},"excerpt":{"rendered":"<p>Cookies A quoi servent les cookies ? Avec-drh.fr utilise deux types de Cookies qui peuvent \u00eatre enregistr\u00e9s, avec ou sans votre consentement selon leur nature, dans votre terminal \u00e0 l\u2019occasion d\u2019une visite de notre site : Les Cookies techniques\u00a0sont strictement n\u00e9cessaires au bon fonctionnement et \u00e0 la navigation dans notre site. Ils ne n\u00e9cessitent pas [&hellip;]<\/p>\n","protected":false},"author":1,"featured_media":0,"parent":0,"menu_order":0,"comment_status":"closed","ping_status":"closed","template":"","meta":{"_coblocks_attr":"","_coblocks_dimensions":"","_coblocks_responsive_height":"","_coblocks_accordion_ie_support":"","om_disable_all_campaigns":false,"_monsterinsights_skip_tracking":false,"_monsterinsights_sitenote_active":false,"_monsterinsights_sitenote_note":"","_monsterinsights_sitenote_category":0,"footnotes":""},"class_list":["post-2749","page","type-page","status-publish","hentry"],"aioseo_notices":[],"_links":{"self":[{"href":"https:\/\/avec-drh.fr\/index.php\/wp-json\/wp\/v2\/pages\/2749","targetHints":{"allow":["GET"]}}],"collection":[{"href":"https:\/\/avec-drh.fr\/index.php\/wp-json\/wp\/v2\/pages"}],"about":[{"href":"https:\/\/avec-drh.fr\/index.php\/wp-json\/wp\/v2\/types\/page"}],"author":[{"embeddable":true,"href":"https:\/\/avec-drh.fr\/index.php\/wp-json\/wp\/v2\/users\/1"}],"replies":[{"embeddable":true,"href":"https:\/\/avec-drh.fr\/index.php\/wp-json\/wp\/v2\/comments?post=2749"}],"version-history":[{"count":4,"href":"https:\/\/avec-drh.fr\/index.php\/wp-json\/wp\/v2\/pages\/2749\/revisions"}],"predecessor-version":[{"id":2820,"href":"https:\/\/avec-drh.fr\/index.php\/wp-json\/wp\/v2\/pages\/2749\/revisions\/2820"}],"wp:attachment":[{"href":"https:\/\/avec-drh.fr\/index.php\/wp-json\/wp\/v2\/media?parent=2749"}],"curies":[{"name":"wp","href":"https:\/\/api.w.org\/{rel}","templated":true}]}}